{"id":8,"date":"2016-10-11T19:03:01","date_gmt":"2016-10-11T19:03:01","guid":{"rendered":"http:\/\/hundeschule-as.com\/?page_id=8"},"modified":"2018-02-02T18:36:03","modified_gmt":"2018-02-02T18:36:03","slug":"kurse","status":"publish","type":"page","link":"https:\/\/hundeschule-as.com\/?page_id=8","title":{"rendered":"Kurse"},"content":{"rendered":"<p>Wir bieten eine Vielzahl von verschiedenen Kursen an, wobei unser Fokus<br \/>\nstets auf der Ausbildung von Familien-Hunden liegt.<br \/>\nTrotzdem versuchen wir mit Sport-Spiel-Spa\u00df, Dog-Dancing und<br \/>\nCo., auch eine Freizeitbesch\u00e4ftigung f\u00fcr unsere Zwei- und Vierbeiner zu schaffen.<\/p>\n<p>Wir leisten <strong>ausschlie\u00dflich ehrenamtlichen Dienst<\/strong> in unserer Hundeschule.<br \/>\nAlle Kursbeitr\u00e4ge und andere Geb\u00fchren dienen der Aus- und Weiterbildung<br \/>\nunserer Trainer, sowie dem Erhalt der Ger\u00e4te wie sie beispielsweise f\u00fcr Agility<br \/>\nben\u00f6tigt werden, als auch der Pflege unseres Vereinsheims.<\/p>\n","protected":false},"excerpt":{"rendered":"<p>Wir bieten eine Vielzahl von verschiedenen Kursen an, wobei unser Fokus stets auf der Ausbildung von Familien-Hunden liegt. Trotzdem versuchen wir mit Sport-Spiel-Spa\u00df, Dog-Dancing und Co., auch eine Freizeitbesch\u00e4ftigung f\u00fcr unsere Zwei- und Vierbeiner zu schaffen. Wir leisten ausschlie\u00dflich ehrenamtlichen Dienst in unserer Hundeschule. Alle Kursbeitr\u00e4ge und andere Geb\u00fchren dienen der Aus- und Weiterbildung unserer &#8230; <a title=\"Kurse\" class=\"read-more\" href=\"https:\/\/hundeschule-as.com\/?page_id=8\" aria-label=\"Mehr zu Kurse\">Weiterlesen &#8230;<\/a><\/p>\n","protected":false},"author":1,"featured_media":0,"parent":0,"menu_order":2,"comment_status":"closed","ping_status":"closed","template":"","meta":{"generate_page_header":"","footnotes":""},"class_list":["post-8","page","type-page","status-publish"],"_links":{"self":[{"href":"https:\/\/hundeschule-as.com\/index.php?rest_route=\/wp\/v2\/pages\/8","targetHints":{"allow":["GET"]}}],"collection":[{"href":"https:\/\/hundeschule-as.com\/index.php?rest_route=\/wp\/v2\/pages"}],"about":[{"href":"https:\/\/hundeschule-as.com\/index.php?rest_route=\/wp\/v2\/types\/page"}],"author":[{"embeddable":true,"href":"https:\/\/hundeschule-as.com\/index.php?rest_route=\/wp\/v2\/users\/1"}],"replies":[{"embeddable":true,"href":"https:\/\/hundeschule-as.com\/index.php?rest_route=%2Fwp%2Fv2%2Fcomments&post=8"}],"version-history":[{"count":2,"href":"https:\/\/hundeschule-as.com\/index.php?rest_route=\/wp\/v2\/pages\/8\/revisions"}],"predecessor-version":[{"id":477,"href":"https:\/\/hundeschule-as.com\/index.php?rest_route=\/wp\/v2\/pages\/8\/revisions\/477"}],"wp:attachment":[{"href":"https:\/\/hundeschule-as.com\/index.php?rest_route=%2Fwp%2Fv2%2Fmedia&parent=8"}],"curies":[{"name":"wp","href":"https:\/\/api.w.org\/{rel}","templated":true}]}}