{"id":632,"date":"2018-07-05T17:39:35","date_gmt":"2018-07-05T17:39:35","guid":{"rendered":"http:\/\/hundeschule-as.com\/?page_id=632"},"modified":"2023-12-03T21:28:52","modified_gmt":"2023-12-03T20:28:52","slug":"sport-spiel-spass","status":"publish","type":"page","link":"https:\/\/hundeschule-as.com\/?page_id=632","title":{"rendered":"Funny Dogs"},"content":{"rendered":"<h3>F\u00fcr alle 2- und 4-Beiner, die Spa\u00df an der Bewegung haben!<\/h3>\n<p>Bestandteile des Sport-Spiel-Spa\u00df-Kurses (F\u00fcr Hunde ab 1 Jahr):<\/p>\n<ul>\n<li>Unterordnung<\/li>\n<li>Agility<\/li>\n<li>Nasenarbeit<\/li>\n<li>kreative Distanzarbeit<\/li>\n<li>Touch Training<\/li>\n<li>allgemeine Gehorsamkeit<\/li>\n<li>Wanderungen<\/li>\n<\/ul>\n\n\t\t<div id='gallery-1' class='gallery galleryid-632 gallery-columns-3 gallery-size-thumbnail gallery1'><figure class=\"gallery-item\">\n<div class=\"gallery-icon\">\r\n<a href=\"https:\/\/hundeschule-as.com\/wp-content\/uploads\/2018\/08\/IMG_2927-1024x768.jpg\" title=\"\" class=\"highslide\" onclick=\"return hs.expand(this,{captionId:'caption686'})\"><img loading=\"lazy\" decoding=\"async\" src=\"https:\/\/hundeschule-as.com\/wp-content\/uploads\/2018\/08\/IMG_2927-150x150.jpg\" width=\"150\" height=\"150\" alt=\"\" \/><\/a>\r\n<\/div><\/figure><figure class=\"gallery-item\">\n<div class=\"gallery-icon\">\r\n<a href=\"https:\/\/hundeschule-as.com\/wp-content\/uploads\/2018\/08\/IMG-20180812-WA0028-768x1024.jpg\" title=\"\" class=\"highslide\" onclick=\"return hs.expand(this,{captionId:'caption697'})\"><img loading=\"lazy\" decoding=\"async\" src=\"https:\/\/hundeschule-as.com\/wp-content\/uploads\/2018\/08\/IMG-20180812-WA0028-150x150.jpg\" width=\"150\" height=\"150\" alt=\"\" \/><\/a>\r\n<\/div><\/figure><figure class=\"gallery-item\">\n<div class=\"gallery-icon\">\r\n<a href=\"https:\/\/hundeschule-as.com\/wp-content\/uploads\/2018\/08\/IMG-20180812-WA0030-1024x768.jpg\" title=\"\" class=\"highslide\" onclick=\"return hs.expand(this,{captionId:'caption699'})\"><img loading=\"lazy\" decoding=\"async\" src=\"https:\/\/hundeschule-as.com\/wp-content\/uploads\/2018\/08\/IMG-20180812-WA0030-150x150.jpg\" width=\"150\" height=\"150\" alt=\"\" \/><\/a>\r\n<\/div><\/figure><figure class=\"gallery-item\">\n<div class=\"gallery-icon\">\r\n<a href=\"https:\/\/hundeschule-as.com\/wp-content\/uploads\/2018\/08\/IMG-20180812-WA0029-1024x768.jpg\" title=\"\" class=\"highslide\" onclick=\"return hs.expand(this,{captionId:'caption698'})\"><img loading=\"lazy\" decoding=\"async\" src=\"https:\/\/hundeschule-as.com\/wp-content\/uploads\/2018\/08\/IMG-20180812-WA0029-150x150.jpg\" width=\"150\" height=\"150\" alt=\"\" \/><\/a>\r\n<\/div><\/figure><figure class=\"gallery-item\">\n<div class=\"gallery-icon\">\r\n<a href=\"https:\/\/hundeschule-as.com\/wp-content\/uploads\/2018\/08\/IMG-20180812-WA0031-768x1024.jpg\" title=\"\" class=\"highslide\" onclick=\"return hs.expand(this,{captionId:'caption700'})\"><img loading=\"lazy\" decoding=\"async\" src=\"https:\/\/hundeschule-as.com\/wp-content\/uploads\/2018\/08\/IMG-20180812-WA0031-150x150.jpg\" width=\"150\" height=\"150\" alt=\"\" \/><\/a>\r\n<\/div><\/figure><figure class=\"gallery-item\">\n<div class=\"gallery-icon\">\r\n<a href=\"https:\/\/hundeschule-as.com\/wp-content\/uploads\/2018\/08\/IMG-20180812-WA0032-768x1024.jpg\" title=\"\" class=\"highslide\" onclick=\"return hs.expand(this,{captionId:'caption701'})\"><img loading=\"lazy\" decoding=\"async\" src=\"https:\/\/hundeschule-as.com\/wp-content\/uploads\/2018\/08\/IMG-20180812-WA0032-150x150.jpg\" width=\"150\" height=\"150\" alt=\"\" \/><\/a>\r\n<\/div><\/figure><figure class=\"gallery-item\">\n<div class=\"gallery-icon\">\r\n<a href=\"https:\/\/hundeschule-as.com\/wp-content\/uploads\/2018\/08\/IMG-20180812-WA0033-1024x768.jpg\" title=\"\" class=\"highslide\" onclick=\"return hs.expand(this,{captionId:'caption702'})\"><img loading=\"lazy\" decoding=\"async\" src=\"https:\/\/hundeschule-as.com\/wp-content\/uploads\/2018\/08\/IMG-20180812-WA0033-150x150.jpg\" width=\"150\" height=\"150\" alt=\"\" \/><\/a>\r\n<\/div><\/figure><figure class=\"gallery-item\">\n<div class=\"gallery-icon\">\r\n<a href=\"https:\/\/hundeschule-as.com\/wp-content\/uploads\/2018\/08\/IMG-20180812-WA0034-1024x768.jpg\" title=\"\" class=\"highslide\" onclick=\"return hs.expand(this,{captionId:'caption704'})\"><img loading=\"lazy\" decoding=\"async\" src=\"https:\/\/hundeschule-as.com\/wp-content\/uploads\/2018\/08\/IMG-20180812-WA0034-150x150.jpg\" width=\"150\" height=\"150\" alt=\"\" \/><\/a>\r\n<\/div><\/figure><figure class=\"gallery-item\">\n<div class=\"gallery-icon\">\r\n<a href=\"https:\/\/hundeschule-as.com\/wp-content\/uploads\/2018\/08\/IMG-20180812-WA0035-768x1024.jpg\" title=\"\" class=\"highslide\" onclick=\"return hs.expand(this,{captionId:'caption705'})\"><img loading=\"lazy\" decoding=\"async\" src=\"https:\/\/hundeschule-as.com\/wp-content\/uploads\/2018\/08\/IMG-20180812-WA0035-150x150.jpg\" width=\"150\" height=\"150\" alt=\"\" \/><\/a>\r\n<\/div><\/figure>\r\n\t\t<\/div>\n\n","protected":false},"excerpt":{"rendered":"<p>F\u00fcr alle 2- und 4-Beiner, die Spa\u00df an der Bewegung haben! Bestandteile des Sport-Spiel-Spa\u00df-Kurses (F\u00fcr Hunde ab 1 Jahr): Unterordnung Agility Nasenarbeit kreative Distanzarbeit Touch Training allgemeine Gehorsamkeit Wanderungen<\/p>\n","protected":false},"author":1,"featured_media":0,"parent":8,"menu_order":0,"comment_status":"closed","ping_status":"closed","template":"","meta":{"generate_page_header":"","footnotes":""},"class_list":["post-632","page","type-page","status-publish"],"_links":{"self":[{"href":"https:\/\/hundeschule-as.com\/index.php?rest_route=\/wp\/v2\/pages\/632","targetHints":{"allow":["GET"]}}],"collection":[{"href":"https:\/\/hundeschule-as.com\/index.php?rest_route=\/wp\/v2\/pages"}],"about":[{"href":"https:\/\/hundeschule-as.com\/index.php?rest_route=\/wp\/v2\/types\/page"}],"author":[{"embeddable":true,"href":"https:\/\/hundeschule-as.com\/index.php?rest_route=\/wp\/v2\/users\/1"}],"replies":[{"embeddable":true,"href":"https:\/\/hundeschule-as.com\/index.php?rest_route=%2Fwp%2Fv2%2Fcomments&post=632"}],"version-history":[{"count":10,"href":"https:\/\/hundeschule-as.com\/index.php?rest_route=\/wp\/v2\/pages\/632\/revisions"}],"predecessor-version":[{"id":1000,"href":"https:\/\/hundeschule-as.com\/index.php?rest_route=\/wp\/v2\/pages\/632\/revisions\/1000"}],"up":[{"embeddable":true,"href":"https:\/\/hundeschule-as.com\/index.php?rest_route=\/wp\/v2\/pages\/8"}],"wp:attachment":[{"href":"https:\/\/hundeschule-as.com\/index.php?rest_route=%2Fwp%2Fv2%2Fmedia&parent=632"}],"curies":[{"name":"wp","href":"https:\/\/api.w.org\/{rel}","templated":true}]}}