{"id":20,"date":"2016-10-11T19:23:18","date_gmt":"2016-10-11T19:23:18","guid":{"rendered":"http:\/\/hundeschule-as.com\/?page_id=20"},"modified":"2022-03-25T22:52:16","modified_gmt":"2022-03-25T21:52:16","slug":"begleithunde","status":"publish","type":"page","link":"https:\/\/hundeschule-as.com\/?page_id=20","title":{"rendered":"Begleithunde"},"content":{"rendered":"\n<div id=\"id2\" class=\"style_SkipStroke_3 shape-with-text\"><span style=\"color: #808080;\">Samstag, 11:15 Uhr Vorbereitung Begleithunde<\/span><\/div>\n\n\n\n<div class=\"style_SkipStroke_3 shape-with-text\"><span style=\"color: #808080;\"><span style=\"color: #ffffff;\">&nbsp;<\/span><\/span><\/div>\n\n\n\n<div class=\"style_SkipStroke_3 shape-with-text\">Bestandteile der Begleithunde-Ausbildung (ab 1 Jahr):<br><strong>&nbsp;<\/strong><\/div>\n\n\n\n<div id=\"id3\" class=\"style_SkipStroke_4 shape-with-text\">\n<div class=\"text-content graphic_shape_layout_style_default_External_640_38\">\n<div class=\"graphic_shape_layout_style_default\">\n<div class=\"style_SkipStroke_2 shape-with-text flowDefining\">\n<div class=\"text-content Normal_External_640_175\">\n<div class=\"Normal\">\n<ul>\n<li>Trainieren der Freifolge (Fu\u00df ohne Leine)<\/li>\n<li>Einstudieren der Reihenfolge und des Ablaufs der Pr\u00fcfungs\u00fcbungen<\/li>\n<li>Aneignung der pr\u00fcfungsrelevanten Theorie<\/li>\n<li>Trainieren der Verkehrssicherheit<\/li>\n<\/ul>\n<p class=\"Body\">Der Kurs beinhaltet eine Pr\u00fcfung mit anschlie\u00dfender festlicher Pass- und Urkundenvergabe<\/p>\n<\/div>\n<\/div>\n<\/div>\n<p><\/p><\/div><\/div><\/div>\n\n\n\n<figure class=\"wp-block-gallery has-nested-images columns-3 is-cropped wp-block-gallery-1 is-layout-flex wp-block-gallery-is-layout-flex\">\n<figure class=\"wp-block-image size-large\"><img loading=\"lazy\" decoding=\"async\" width=\"4032\" height=\"3024\" data-id=\"681\" src=\"https:\/\/hundeschule-as.com\/wp-content\/uploads\/2018\/08\/IMG_2894.jpg\" alt=\"\" class=\"wp-image-681\" srcset=\"https:\/\/hundeschule-as.com\/wp-content\/uploads\/2018\/08\/IMG_2894.jpg 4032w, https:\/\/hundeschule-as.com\/wp-content\/uploads\/2018\/08\/IMG_2894-300x225.jpg 300w, https:\/\/hundeschule-as.com\/wp-content\/uploads\/2018\/08\/IMG_2894-768x576.jpg 768w, https:\/\/hundeschule-as.com\/wp-content\/uploads\/2018\/08\/IMG_2894-1024x768.jpg 1024w\" sizes=\"auto, (max-width: 4032px) 100vw, 4032px\" \/><\/figure>\n\n\n\n<figure class=\"wp-block-image size-large\"><img loading=\"lazy\" decoding=\"async\" width=\"4032\" height=\"3024\" data-id=\"682\" src=\"https:\/\/hundeschule-as.com\/wp-content\/uploads\/2018\/08\/IMG_2913.jpg\" alt=\"\" class=\"wp-image-682\" srcset=\"https:\/\/hundeschule-as.com\/wp-content\/uploads\/2018\/08\/IMG_2913.jpg 4032w, https:\/\/hundeschule-as.com\/wp-content\/uploads\/2018\/08\/IMG_2913-300x225.jpg 300w, https:\/\/hundeschule-as.com\/wp-content\/uploads\/2018\/08\/IMG_2913-768x576.jpg 768w, https:\/\/hundeschule-as.com\/wp-content\/uploads\/2018\/08\/IMG_2913-1024x768.jpg 1024w\" sizes=\"auto, (max-width: 4032px) 100vw, 4032px\" \/><\/figure>\n\n\n\n<figure class=\"wp-block-image size-large\"><img loading=\"lazy\" decoding=\"async\" width=\"4032\" height=\"3024\" data-id=\"683\" src=\"https:\/\/hundeschule-as.com\/wp-content\/uploads\/2018\/08\/IMG_2919.jpg\" alt=\"\" class=\"wp-image-683\" srcset=\"https:\/\/hundeschule-as.com\/wp-content\/uploads\/2018\/08\/IMG_2919.jpg 4032w, https:\/\/hundeschule-as.com\/wp-content\/uploads\/2018\/08\/IMG_2919-300x225.jpg 300w, https:\/\/hundeschule-as.com\/wp-content\/uploads\/2018\/08\/IMG_2919-768x576.jpg 768w, https:\/\/hundeschule-as.com\/wp-content\/uploads\/2018\/08\/IMG_2919-1024x768.jpg 1024w\" sizes=\"auto, (max-width: 4032px) 100vw, 4032px\" \/><\/figure>\n\n\n\n<figure class=\"wp-block-image size-large\"><img loading=\"lazy\" decoding=\"async\" width=\"4032\" height=\"3024\" data-id=\"684\" src=\"https:\/\/hundeschule-as.com\/wp-content\/uploads\/2018\/08\/IMG_2923.jpg\" alt=\"\" class=\"wp-image-684\" srcset=\"https:\/\/hundeschule-as.com\/wp-content\/uploads\/2018\/08\/IMG_2923.jpg 4032w, https:\/\/hundeschule-as.com\/wp-content\/uploads\/2018\/08\/IMG_2923-300x225.jpg 300w, https:\/\/hundeschule-as.com\/wp-content\/uploads\/2018\/08\/IMG_2923-768x576.jpg 768w, https:\/\/hundeschule-as.com\/wp-content\/uploads\/2018\/08\/IMG_2923-1024x768.jpg 1024w\" sizes=\"auto, (max-width: 4032px) 100vw, 4032px\" \/><\/figure>\n\n\n\n<figure class=\"wp-block-image size-large\"><img loading=\"lazy\" decoding=\"async\" width=\"4032\" height=\"3024\" data-id=\"685\" src=\"https:\/\/hundeschule-as.com\/wp-content\/uploads\/2018\/08\/IMG_2925.jpg\" alt=\"\" class=\"wp-image-685\" srcset=\"https:\/\/hundeschule-as.com\/wp-content\/uploads\/2018\/08\/IMG_2925.jpg 4032w, https:\/\/hundeschule-as.com\/wp-content\/uploads\/2018\/08\/IMG_2925-300x225.jpg 300w, https:\/\/hundeschule-as.com\/wp-content\/uploads\/2018\/08\/IMG_2925-768x576.jpg 768w, https:\/\/hundeschule-as.com\/wp-content\/uploads\/2018\/08\/IMG_2925-1024x768.jpg 1024w\" sizes=\"auto, (max-width: 4032px) 100vw, 4032px\" \/><\/figure>\n\n\n\n<figure class=\"wp-block-image size-large\"><img loading=\"lazy\" decoding=\"async\" width=\"4032\" height=\"3024\" data-id=\"686\" src=\"https:\/\/hundeschule-as.com\/wp-content\/uploads\/2018\/08\/IMG_2927.jpg\" alt=\"\" class=\"wp-image-686\" srcset=\"https:\/\/hundeschule-as.com\/wp-content\/uploads\/2018\/08\/IMG_2927.jpg 4032w, https:\/\/hundeschule-as.com\/wp-content\/uploads\/2018\/08\/IMG_2927-300x225.jpg 300w, https:\/\/hundeschule-as.com\/wp-content\/uploads\/2018\/08\/IMG_2927-768x576.jpg 768w, https:\/\/hundeschule-as.com\/wp-content\/uploads\/2018\/08\/IMG_2927-1024x768.jpg 1024w\" sizes=\"auto, (max-width: 4032px) 100vw, 4032px\" \/><\/figure>\n\n\n\n<figure class=\"wp-block-image size-large\"><img loading=\"lazy\" decoding=\"async\" width=\"1200\" height=\"1600\" data-id=\"687\" src=\"https:\/\/hundeschule-as.com\/wp-content\/uploads\/2018\/08\/IMG-20180719-WA0029.jpg\" alt=\"\" class=\"wp-image-687\" srcset=\"https:\/\/hundeschule-as.com\/wp-content\/uploads\/2018\/08\/IMG-20180719-WA0029.jpg 1200w, https:\/\/hundeschule-as.com\/wp-content\/uploads\/2018\/08\/IMG-20180719-WA0029-225x300.jpg 225w, https:\/\/hundeschule-as.com\/wp-content\/uploads\/2018\/08\/IMG-20180719-WA0029-768x1024.jpg 768w\" sizes=\"auto, (max-width: 1200px) 100vw, 1200px\" \/><\/figure>\n\n\n\n<figure class=\"wp-block-image size-large\"><img loading=\"lazy\" decoding=\"async\" width=\"1600\" height=\"1200\" data-id=\"688\" src=\"https:\/\/hundeschule-as.com\/wp-content\/uploads\/2018\/08\/IMG-20180719-WA0034.jpg\" alt=\"\" class=\"wp-image-688\" srcset=\"https:\/\/hundeschule-as.com\/wp-content\/uploads\/2018\/08\/IMG-20180719-WA0034.jpg 1600w, https:\/\/hundeschule-as.com\/wp-content\/uploads\/2018\/08\/IMG-20180719-WA0034-300x225.jpg 300w, https:\/\/hundeschule-as.com\/wp-content\/uploads\/2018\/08\/IMG-20180719-WA0034-768x576.jpg 768w, https:\/\/hundeschule-as.com\/wp-content\/uploads\/2018\/08\/IMG-20180719-WA0034-1024x768.jpg 1024w\" sizes=\"auto, (max-width: 1600px) 100vw, 1600px\" \/><\/figure>\n\n\n\n<figure class=\"wp-block-image size-large\"><img loading=\"lazy\" decoding=\"async\" width=\"1600\" height=\"1200\" data-id=\"689\" src=\"https:\/\/hundeschule-as.com\/wp-content\/uploads\/2018\/08\/IMG-20180719-WA0051.jpg\" alt=\"\" class=\"wp-image-689\" srcset=\"https:\/\/hundeschule-as.com\/wp-content\/uploads\/2018\/08\/IMG-20180719-WA0051.jpg 1600w, https:\/\/hundeschule-as.com\/wp-content\/uploads\/2018\/08\/IMG-20180719-WA0051-300x225.jpg 300w, https:\/\/hundeschule-as.com\/wp-content\/uploads\/2018\/08\/IMG-20180719-WA0051-768x576.jpg 768w, https:\/\/hundeschule-as.com\/wp-content\/uploads\/2018\/08\/IMG-20180719-WA0051-1024x768.jpg 1024w\" sizes=\"auto, (max-width: 1600px) 100vw, 1600px\" \/><\/figure>\n\n\n\n<figure class=\"wp-block-image size-large\"><img loading=\"lazy\" decoding=\"async\" width=\"1600\" height=\"1200\" data-id=\"690\" src=\"https:\/\/hundeschule-as.com\/wp-content\/uploads\/2018\/08\/IMG-20180719-WA0059.jpg\" alt=\"\" class=\"wp-image-690\" srcset=\"https:\/\/hundeschule-as.com\/wp-content\/uploads\/2018\/08\/IMG-20180719-WA0059.jpg 1600w, https:\/\/hundeschule-as.com\/wp-content\/uploads\/2018\/08\/IMG-20180719-WA0059-300x225.jpg 300w, https:\/\/hundeschule-as.com\/wp-content\/uploads\/2018\/08\/IMG-20180719-WA0059-768x576.jpg 768w, https:\/\/hundeschule-as.com\/wp-content\/uploads\/2018\/08\/IMG-20180719-WA0059-1024x768.jpg 1024w\" sizes=\"auto, (max-width: 1600px) 100vw, 1600px\" \/><\/figure>\n\n\n\n<figure class=\"wp-block-image size-large\"><img loading=\"lazy\" decoding=\"async\" width=\"1200\" height=\"1600\" data-id=\"691\" src=\"https:\/\/hundeschule-as.com\/wp-content\/uploads\/2018\/08\/IMG-20180719-WA0071.jpg\" alt=\"\" class=\"wp-image-691\" srcset=\"https:\/\/hundeschule-as.com\/wp-content\/uploads\/2018\/08\/IMG-20180719-WA0071.jpg 1200w, https:\/\/hundeschule-as.com\/wp-content\/uploads\/2018\/08\/IMG-20180719-WA0071-225x300.jpg 225w, https:\/\/hundeschule-as.com\/wp-content\/uploads\/2018\/08\/IMG-20180719-WA0071-768x1024.jpg 768w\" sizes=\"auto, (max-width: 1200px) 100vw, 1200px\" \/><\/figure>\n\n\n\n<figure class=\"wp-block-image size-large\"><img loading=\"lazy\" decoding=\"async\" width=\"1600\" height=\"1200\" data-id=\"692\" src=\"https:\/\/hundeschule-as.com\/wp-content\/uploads\/2018\/08\/IMG-20180719-WA0085.jpg\" alt=\"\" class=\"wp-image-692\" srcset=\"https:\/\/hundeschule-as.com\/wp-content\/uploads\/2018\/08\/IMG-20180719-WA0085.jpg 1600w, https:\/\/hundeschule-as.com\/wp-content\/uploads\/2018\/08\/IMG-20180719-WA0085-300x225.jpg 300w, https:\/\/hundeschule-as.com\/wp-content\/uploads\/2018\/08\/IMG-20180719-WA0085-768x576.jpg 768w, https:\/\/hundeschule-as.com\/wp-content\/uploads\/2018\/08\/IMG-20180719-WA0085-1024x768.jpg 1024w\" sizes=\"auto, (max-width: 1600px) 100vw, 1600px\" \/><\/figure>\n<\/figure>\n","protected":false},"excerpt":{"rendered":"<p>Samstag, 11:15 Uhr Vorbereitung Begleithunde &nbsp; Bestandteile der Begleithunde-Ausbildung (ab 1 Jahr):&nbsp; Trainieren der Freifolge (Fu\u00df ohne Leine) Einstudieren der Reihenfolge und des Ablaufs der Pr\u00fcfungs\u00fcbungen Aneignung der pr\u00fcfungsrelevanten Theorie Trainieren der Verkehrssicherheit Der Kurs beinhaltet eine Pr\u00fcfung mit anschlie\u00dfender festlicher Pass- und Urkundenvergabe<\/p>\n","protected":false},"author":1,"featured_media":0,"parent":8,"menu_order":2,"comment_status":"closed","ping_status":"closed","template":"","meta":{"generate_page_header":"","footnotes":""},"class_list":["post-20","page","type-page","status-publish"],"_links":{"self":[{"href":"https:\/\/hundeschule-as.com\/index.php?rest_route=\/wp\/v2\/pages\/20","targetHints":{"allow":["GET"]}}],"collection":[{"href":"https:\/\/hundeschule-as.com\/index.php?rest_route=\/wp\/v2\/pages"}],"about":[{"href":"https:\/\/hundeschule-as.com\/index.php?rest_route=\/wp\/v2\/types\/page"}],"author":[{"embeddable":true,"href":"https:\/\/hundeschule-as.com\/index.php?rest_route=\/wp\/v2\/users\/1"}],"replies":[{"embeddable":true,"href":"https:\/\/hundeschule-as.com\/index.php?rest_route=%2Fwp%2Fv2%2Fcomments&post=20"}],"version-history":[{"count":33,"href":"https:\/\/hundeschule-as.com\/index.php?rest_route=\/wp\/v2\/pages\/20\/revisions"}],"predecessor-version":[{"id":903,"href":"https:\/\/hundeschule-as.com\/index.php?rest_route=\/wp\/v2\/pages\/20\/revisions\/903"}],"up":[{"embeddable":true,"href":"https:\/\/hundeschule-as.com\/index.php?rest_route=\/wp\/v2\/pages\/8"}],"wp:attachment":[{"href":"https:\/\/hundeschule-as.com\/index.php?rest_route=%2Fwp%2Fv2%2Fmedia&parent=20"}],"curies":[{"name":"wp","href":"https:\/\/api.w.org\/{rel}","templated":true}]}}