{"id":2,"date":"2016-05-10T03:48:21","date_gmt":"2016-05-10T03:48:21","guid":{"rendered":"http:\/\/wp452m.a10-52-158-154.qa.plesk.ru\/wordpress\/?page_id=2"},"modified":"2026-02-17T17:31:43","modified_gmt":"2026-02-17T16:31:43","slug":"home","status":"publish","type":"page","link":"https:\/\/hundeschule-as.com\/","title":{"rendered":"Home"},"content":{"rendered":"\n<blockquote class=\"wp-block-quote is-layout-flow wp-block-quote-is-layout-flow\">\n<p>Die Welt mit den Augen eines Hundes sehen&#8230;<\/p>\n<\/blockquote>\n\n\n\n<p>&#8230;dazu m\u00f6chten wir Sie herzlich einladen<\/p>\n\n\n\n<h2 class=\"wp-block-heading\">Neueste Meldungen<\/h2>\n\n\n<ul class=\"wp-block-latest-posts__list has-dates wp-block-latest-posts\"><li><a class=\"wp-block-latest-posts__post-title\" href=\"https:\/\/hundeschule-as.com\/?p=1122\">Heute kein Unterricht!<\/a><time datetime=\"2026-04-04T07:58:47+01:00\" class=\"wp-block-latest-posts__post-date\">4. April 2026<\/time><div class=\"wp-block-latest-posts__post-excerpt\">Am Samstag den 04.04.26 finden keine Kurse statt. Wir w\u00fcnschen euch ein sch\u00f6nes Osterfest und erholsame Feiertage. Euer Team der Hundeschule AS<\/div><\/li>\n<li><a class=\"wp-block-latest-posts__post-title\" href=\"https:\/\/hundeschule-as.com\/?p=1118\">! Achtung Baustelle !<\/a><time datetime=\"2026-03-20T22:06:10+01:00\" class=\"wp-block-latest-posts__post-date\">20. M\u00e4rz 2026<\/time><div class=\"wp-block-latest-posts__post-excerpt\">Die Stra\u00dfe Richtung Ullersberg wird neu gemacht. Zufahrt zum Hundeplatz ist aktuell noch m\u00f6glich! Weitere Informationen bekommt ihr in den Gruppenstunden. Wir wissen nicht wie lange die Arbeiten andauern und ob es eventuell zu Einschr\u00e4nkungen kommen wird. Bitte informiert euch immer, bevor ihr zu den Stunden kommt, ob und wo diese stattfinden. Bitte nutzt den &#8230; <a title=\"! Achtung Baustelle !\" class=\"read-more\" href=\"https:\/\/hundeschule-as.com\/?p=1118\" aria-label=\"Mehr zu ! Achtung Baustelle !\">Weiterlesen &#8230;<\/a><\/div><\/li>\n<li><a class=\"wp-block-latest-posts__post-title\" href=\"https:\/\/hundeschule-as.com\/?p=1108\">Es geht endlich wieder Los!<\/a><time datetime=\"2026-02-17T17:29:53+01:00\" class=\"wp-block-latest-posts__post-date\">17. Februar 2026<\/time><div class=\"wp-block-latest-posts__post-excerpt\">Es ist soweit, wir k\u00f6nnen endlich starten. Wann: 28.02.2026 Zeiten: Grundkurse &gt; Welpen: 10.00 Uhr &gt; Junghunde: 10.00 Uhr Zus\u00e4tzlich wird es um 11.15 Uhr einen Weiterf\u00fchrenden Kurs geben, f\u00fcr alle, die aus dem Junghundekurs entwachsen sind und denen die Grundlagen nicht fremd sind. Aktuell k\u00f6nnen wir leider noch keinen BGVP Kurs anbieten (sp\u00e4ter dazu &#8230; <a title=\"Es geht endlich wieder Los!\" class=\"read-more\" href=\"https:\/\/hundeschule-as.com\/?p=1108\" aria-label=\"Mehr zu Es geht endlich wieder Los!\">Weiterlesen &#8230;<\/a><\/div><\/li>\n<li><a class=\"wp-block-latest-posts__post-title\" href=\"https:\/\/hundeschule-as.com\/?p=1105\">Kursstart bis auf Weiteres verschoben<\/a><time datetime=\"2026-01-24T13:42:23+01:00\" class=\"wp-block-latest-posts__post-date\">24. Januar 2026<\/time><div class=\"wp-block-latest-posts__post-excerpt\">Die aktuellen Temperaturen, Schnee und Eis, lassen es leider nicht zu, dass wir &#8211; wie geplant &#8211; n\u00e4chstes Wochenende wieder mit unseren Kursen starten. Der Schnee am Platz ist fest gefroren, die Parkpl\u00e4tze eine Eisfl\u00e4che. Weniger eisige Temperaturen werden erst Anfang Februar erwartet, hoffen wir, dass der Schnee dann bald weg schmilzt. Wir informieren euch &#8230; <a title=\"Kursstart bis auf Weiteres verschoben\" class=\"read-more\" href=\"https:\/\/hundeschule-as.com\/?p=1105\" aria-label=\"Mehr zu Kursstart bis auf Weiteres verschoben\">Weiterlesen &#8230;<\/a><\/div><\/li>\n<li><a class=\"wp-block-latest-posts__post-title\" href=\"https:\/\/hundeschule-as.com\/?p=1101\">Saisonabschluss 2025<\/a><time datetime=\"2025-12-03T22:24:39+01:00\" class=\"wp-block-latest-posts__post-date\">3. Dezember 2025<\/time><div class=\"wp-block-latest-posts__post-excerpt\">Weihnachten steht vor der T\u00fcr und damit auch unser Saisonabschluss vor der Winterpause. Zuvor bekommen aber unsere Begleithunde-Teams noch ihr P\u00e4sse! Gemeinsam wollen wir um 10 Uhr zum Winter-Spaziergang starten. Anschlie\u00dfend die Passvergabe an die Begleithunde-Teams bei Gl\u00fchwein und Pl\u00e4tzchen. Alle Kursteilnehmer sind dazu herzlich eingeladen. Pl\u00e4tzchen Spenden werden gern entgegen genommen. Wann: 06.12.2025, 10.00 &#8230; <a title=\"Saisonabschluss 2025\" class=\"read-more\" href=\"https:\/\/hundeschule-as.com\/?p=1101\" aria-label=\"Mehr zu Saisonabschluss 2025\">Weiterlesen &#8230;<\/a><\/div><\/li>\n<\/ul>\n\n\n<hr class=\"wp-block-separator has-alpha-channel-opacity\"\/>\n\n\n\n<p><\/p>\n\n\n\n<blockquote class=\"wp-block-quote is-layout-flow wp-block-quote-is-layout-flow\">\n<p>Wir sind die Ortsgruppe Amberg-Sulzbach des IRJGV, &nbsp;einer bundesweit aktiven Gemeinschaft von<br>mehr als 50.000 Mitgliedern in \u00fcber 300 \u00f6rtlichen Gruppen. Unser Hundeverein ist in<br>den Bereichen Pr\u00e4gungsspieltage f\u00fcr Welpen, Ausbildung (BGVP), Agility, und vieles mehr t\u00e4tig.<\/p>\n<\/blockquote>\n\n\n\n<div class=\"style\"><hr>\n<p>F\u00fcr die Teilnahme an unseren Kursen ist eine Mitgliedschaft beim IRJGV e.V. erforderlich!<\/p>\n<h2 class=\"paragraph_style_6\">Unsere Kurse finden immer zu folgenden Zeiten statt:<\/h2>\n<p><strong>Samstag:&nbsp;<\/strong><\/p>\n<p class=\"paragraph_style_2\">10.00 &#8211; 11.00 Uhr Welpen<br>10.00 &#8211; 11.00 Uhr Junghunde<br>11.15 &#8211; 12.15 Uhr Begleithunde<\/p>\n<\/div>\n\n\n\n<p><strong>Sonntag:&nbsp;<\/strong><\/p>\n\n\n\n<div class=\"style\">\n<p>10.00 &#8211; 11.00 Uhr Funny Dogs (Nur nach Anmeldung!)<br><\/p>\n<p class=\"paragraph_style_2\">&nbsp;<\/p>\n<\/div>\n\n\n\n<p><iframe loading=\"lazy\" style=\"border: none; overflow: hidden;\" src=\"https:\/\/www.facebook.com\/plugins\/like.php?href=https%3A%2F%2Fwww.facebook.com%2FHundeschule.AS%2F&amp;width=129&amp;layout=button&amp;action=like&amp;show_faces=true&amp;share=true&amp;height=65&amp;appId\" width=\"129\" height=\"65\" frameborder=\"0\" scrolling=\"no\"><\/iframe><\/p>\n\n\n\n<div class=\"style\">&nbsp;<\/div>\n\n\n<ul class=\"wp-block-latest-posts__list wp-block-latest-posts\"><li><a class=\"wp-block-latest-posts__post-title\" href=\"https:\/\/hundeschule-as.com\/?p=1122\">Heute kein Unterricht!<\/a><\/li>\n<li><a class=\"wp-block-latest-posts__post-title\" href=\"https:\/\/hundeschule-as.com\/?p=1118\">! Achtung Baustelle !<\/a><\/li>\n<li><a class=\"wp-block-latest-posts__post-title\" href=\"https:\/\/hundeschule-as.com\/?p=1108\">Es geht endlich wieder Los!<\/a><\/li>\n<li><a class=\"wp-block-latest-posts__post-title\" href=\"https:\/\/hundeschule-as.com\/?p=1105\">Kursstart bis auf Weiteres verschoben<\/a><\/li>\n<li><a class=\"wp-block-latest-posts__post-title\" href=\"https:\/\/hundeschule-as.com\/?p=1101\">Saisonabschluss 2025<\/a><\/li>\n<\/ul>","protected":false},"excerpt":{"rendered":"<p>Die Welt mit den Augen eines Hundes sehen&#8230; &#8230;dazu m\u00f6chten wir Sie herzlich einladen Neueste Meldungen Wir sind die Ortsgruppe Amberg-Sulzbach des IRJGV, &nbsp;einer bundesweit aktiven Gemeinschaft vonmehr als 50.000 Mitgliedern in \u00fcber 300 \u00f6rtlichen Gruppen. Unser Hundeverein ist inden Bereichen Pr\u00e4gungsspieltage f\u00fcr Welpen, Ausbildung (BGVP), Agility, und vieles mehr t\u00e4tig. F\u00fcr die Teilnahme an &#8230; <a title=\"Home\" class=\"read-more\" href=\"https:\/\/hundeschule-as.com\/\" aria-label=\"Mehr zu Home\">Weiterlesen &#8230;<\/a><\/p>\n","protected":false},"author":1,"featured_media":0,"parent":0,"menu_order":0,"comment_status":"closed","ping_status":"closed","template":"","meta":{"generate_page_header":"","footnotes":""},"class_list":["post-2","page","type-page","status-publish"],"_links":{"self":[{"href":"https:\/\/hundeschule-as.com\/index.php?rest_route=\/wp\/v2\/pages\/2","targetHints":{"allow":["GET"]}}],"collection":[{"href":"https:\/\/hundeschule-as.com\/index.php?rest_route=\/wp\/v2\/pages"}],"about":[{"href":"https:\/\/hundeschule-as.com\/index.php?rest_route=\/wp\/v2\/types\/page"}],"author":[{"embeddable":true,"href":"https:\/\/hundeschule-as.com\/index.php?rest_route=\/wp\/v2\/users\/1"}],"replies":[{"embeddable":true,"href":"https:\/\/hundeschule-as.com\/index.php?rest_route=%2Fwp%2Fv2%2Fcomments&post=2"}],"version-history":[{"count":53,"href":"https:\/\/hundeschule-as.com\/index.php?rest_route=\/wp\/v2\/pages\/2\/revisions"}],"predecessor-version":[{"id":999,"href":"https:\/\/hundeschule-as.com\/index.php?rest_route=\/wp\/v2\/pages\/2\/revisions\/999"}],"wp:attachment":[{"href":"https:\/\/hundeschule-as.com\/index.php?rest_route=%2Fwp%2Fv2%2Fmedia&parent=2"}],"curies":[{"name":"wp","href":"https:\/\/api.w.org\/{rel}","templated":true}]}}