{"id":12,"date":"2016-10-11T19:09:05","date_gmt":"2016-10-11T19:09:05","guid":{"rendered":"http:\/\/hundeschule-as.com\/?page_id=12"},"modified":"2022-03-25T22:51:49","modified_gmt":"2022-03-25T21:51:49","slug":"junghunde","status":"publish","type":"page","link":"https:\/\/hundeschule-as.com\/?page_id=12","title":{"rendered":"Junghunde"},"content":{"rendered":"\n<p><span style=\"color: #808080;\">Samstag, 10:00 &#8211; 11:00 Uhr<\/span><br><span style=\"color: #808080;\">(Ein Einstieg in den Kurs ist nach Anmeldung jederzeit m\u00f6glich)<\/span><\/p>\n\n\n\n<p>Bestandteile des Junghunde-Kurses (ab 6 Monate bis 1 Jahr):<\/p>\n\n\n\n<ul class=\"wp-block-list\"><li class=\"Body\">Festigung der bereits erlernten Kommandos, z.B. Sitz und Platz<\/li><li class=\"Body\">Erlernen neuer Kommandos, z.B. Steh und Bleib<\/li><li class=\"Body\">Schulung der Leinenf\u00fchrigkeit, Kommando Fu\u00df<\/li><li class=\"Body\">Unterst\u00fctzung beim Umgang mit Ihrem Junghund im Alltag<\/li><li class=\"Body\">Behandlung individueller Schwerpunkte in der Erziehung<\/li><\/ul>\n\n\n\n<figure class=\"wp-block-gallery has-nested-images columns-3 is-cropped wp-block-gallery-1 is-layout-flex wp-block-gallery-is-layout-flex\">\n<figure class=\"wp-block-image size-large\"><img loading=\"lazy\" decoding=\"async\" width=\"5120\" height=\"3840\" data-id=\"675\" src=\"https:\/\/hundeschule-as.com\/wp-content\/uploads\/2018\/08\/IMG_20180421_100657.jpg\" alt=\"\" class=\"wp-image-675\" srcset=\"https:\/\/hundeschule-as.com\/wp-content\/uploads\/2018\/08\/IMG_20180421_100657.jpg 5120w, https:\/\/hundeschule-as.com\/wp-content\/uploads\/2018\/08\/IMG_20180421_100657-300x225.jpg 300w, https:\/\/hundeschule-as.com\/wp-content\/uploads\/2018\/08\/IMG_20180421_100657-768x576.jpg 768w, https:\/\/hundeschule-as.com\/wp-content\/uploads\/2018\/08\/IMG_20180421_100657-1024x768.jpg 1024w\" sizes=\"auto, (max-width: 5120px) 100vw, 5120px\" \/><\/figure>\n\n\n\n<figure class=\"wp-block-image size-large\"><img loading=\"lazy\" decoding=\"async\" width=\"3968\" height=\"2976\" data-id=\"676\" src=\"https:\/\/hundeschule-as.com\/wp-content\/uploads\/2018\/08\/IMG_20180616_115254.jpg\" alt=\"\" class=\"wp-image-676\" srcset=\"https:\/\/hundeschule-as.com\/wp-content\/uploads\/2018\/08\/IMG_20180616_115254.jpg 3968w, https:\/\/hundeschule-as.com\/wp-content\/uploads\/2018\/08\/IMG_20180616_115254-300x225.jpg 300w, https:\/\/hundeschule-as.com\/wp-content\/uploads\/2018\/08\/IMG_20180616_115254-768x576.jpg 768w, https:\/\/hundeschule-as.com\/wp-content\/uploads\/2018\/08\/IMG_20180616_115254-1024x768.jpg 1024w\" sizes=\"auto, (max-width: 3968px) 100vw, 3968px\" \/><\/figure>\n\n\n\n<figure class=\"wp-block-image size-large\"><img loading=\"lazy\" decoding=\"async\" width=\"3968\" height=\"2976\" data-id=\"677\" src=\"https:\/\/hundeschule-as.com\/wp-content\/uploads\/2018\/08\/IMG_20180714_110605.jpg\" alt=\"\" class=\"wp-image-677\" srcset=\"https:\/\/hundeschule-as.com\/wp-content\/uploads\/2018\/08\/IMG_20180714_110605.jpg 3968w, https:\/\/hundeschule-as.com\/wp-content\/uploads\/2018\/08\/IMG_20180714_110605-300x225.jpg 300w, https:\/\/hundeschule-as.com\/wp-content\/uploads\/2018\/08\/IMG_20180714_110605-768x576.jpg 768w, https:\/\/hundeschule-as.com\/wp-content\/uploads\/2018\/08\/IMG_20180714_110605-1024x768.jpg 1024w\" sizes=\"auto, (max-width: 3968px) 100vw, 3968px\" \/><\/figure>\n\n\n\n<figure class=\"wp-block-image size-large\"><img loading=\"lazy\" decoding=\"async\" width=\"3968\" height=\"2976\" data-id=\"678\" src=\"https:\/\/hundeschule-as.com\/wp-content\/uploads\/2018\/08\/IMG_20180714_114850.jpg\" alt=\"\" class=\"wp-image-678\" srcset=\"https:\/\/hundeschule-as.com\/wp-content\/uploads\/2018\/08\/IMG_20180714_114850.jpg 3968w, https:\/\/hundeschule-as.com\/wp-content\/uploads\/2018\/08\/IMG_20180714_114850-300x225.jpg 300w, https:\/\/hundeschule-as.com\/wp-content\/uploads\/2018\/08\/IMG_20180714_114850-768x576.jpg 768w, https:\/\/hundeschule-as.com\/wp-content\/uploads\/2018\/08\/IMG_20180714_114850-1024x768.jpg 1024w\" sizes=\"auto, (max-width: 3968px) 100vw, 3968px\" \/><\/figure>\n<\/figure>\n","protected":false},"excerpt":{"rendered":"<p>Samstag, 10:00 &#8211; 11:00 Uhr(Ein Einstieg in den Kurs ist nach Anmeldung jederzeit m\u00f6glich) Bestandteile des Junghunde-Kurses (ab 6 Monate bis 1 Jahr): Festigung der bereits erlernten Kommandos, z.B. Sitz und Platz Erlernen neuer Kommandos, z.B. Steh und Bleib Schulung der Leinenf\u00fchrigkeit, Kommando Fu\u00df Unterst\u00fctzung beim Umgang mit Ihrem Junghund im Alltag Behandlung individueller Schwerpunkte &#8230; <a title=\"Junghunde\" class=\"read-more\" href=\"https:\/\/hundeschule-as.com\/?page_id=12\" aria-label=\"Mehr zu Junghunde\">Weiterlesen &#8230;<\/a><\/p>\n","protected":false},"author":1,"featured_media":0,"parent":8,"menu_order":1,"comment_status":"closed","ping_status":"closed","template":"","meta":{"generate_page_header":"","footnotes":""},"class_list":["post-12","page","type-page","status-publish"],"_links":{"self":[{"href":"https:\/\/hundeschule-as.com\/index.php?rest_route=\/wp\/v2\/pages\/12","targetHints":{"allow":["GET"]}}],"collection":[{"href":"https:\/\/hundeschule-as.com\/index.php?rest_route=\/wp\/v2\/pages"}],"about":[{"href":"https:\/\/hundeschule-as.com\/index.php?rest_route=\/wp\/v2\/types\/page"}],"author":[{"embeddable":true,"href":"https:\/\/hundeschule-as.com\/index.php?rest_route=\/wp\/v2\/users\/1"}],"replies":[{"embeddable":true,"href":"https:\/\/hundeschule-as.com\/index.php?rest_route=%2Fwp%2Fv2%2Fcomments&post=12"}],"version-history":[{"count":22,"href":"https:\/\/hundeschule-as.com\/index.php?rest_route=\/wp\/v2\/pages\/12\/revisions"}],"predecessor-version":[{"id":901,"href":"https:\/\/hundeschule-as.com\/index.php?rest_route=\/wp\/v2\/pages\/12\/revisions\/901"}],"up":[{"embeddable":true,"href":"https:\/\/hundeschule-as.com\/index.php?rest_route=\/wp\/v2\/pages\/8"}],"wp:attachment":[{"href":"https:\/\/hundeschule-as.com\/index.php?rest_route=%2Fwp%2Fv2%2Fmedia&parent=12"}],"curies":[{"name":"wp","href":"https:\/\/api.w.org\/{rel}","templated":true}]}}