{"id":10,"date":"2016-10-11T19:07:07","date_gmt":"2016-10-11T19:07:07","guid":{"rendered":"http:\/\/hundeschule-as.com\/?page_id=10"},"modified":"2022-07-09T10:03:28","modified_gmt":"2022-07-09T09:03:28","slug":"welpen","status":"publish","type":"page","link":"https:\/\/hundeschule-as.com\/?page_id=10","title":{"rendered":"Welpen"},"content":{"rendered":"\n<p><span style=\"color: #808080;\">Samstag, 10.00 &#8211; 11.00 Uhr&nbsp;<\/span><br><span style=\"color: #808080;\">(Ein Einstieg in den Kurs ist jederzeit m\u00f6glich)<\/span><\/p>\n\n\n\n<div id=\"id3\" class=\"style_SkipStroke_4 shape-with-text\">\n<div class=\"text-content graphic_shape_layout_style_default_External_640_53\">\n<div class=\"graphic_shape_layout_style_default\">\n<p class=\"Date\">Bestandteile des Welpenkurses (ab 8 Wochen bis 6 Monate)<\/p>\n<\/div>\n<\/div>\n<\/div>\n\n\n\n<ul class=\"wp-block-list\"><li>&nbsp;Sozialisieren mit Artgenossen und diversen Alltagssituationen<\/li><li>&nbsp;Auf- und Ausbau der Beziehung zwischen Mensch und Hund<\/li><li>&nbsp;Grundkommandos wie z.B. Sitz<\/li><li>&nbsp;Schulung des Bewegungsapparates<\/li><li>&nbsp;Gew\u00f6hnung an zuk\u00fcnftige Lebenssituationen (Stadtgang)<\/li><li>&nbsp;Erlernen der Bei\u00dfhemmung<\/li><\/ul>\n\n\n\n<figure class=\"wp-block-gallery has-nested-images columns-3 is-cropped wp-block-gallery-1 is-layout-flex wp-block-gallery-is-layout-flex\">\n<figure class=\"wp-block-image size-large\"><img loading=\"lazy\" decoding=\"async\" width=\"3968\" height=\"2976\" data-id=\"669\" src=\"https:\/\/hundeschule-as.com\/wp-content\/uploads\/2018\/08\/IMG_20180714_1105341.jpg\" alt=\"\" class=\"wp-image-669\" srcset=\"https:\/\/hundeschule-as.com\/wp-content\/uploads\/2018\/08\/IMG_20180714_1105341.jpg 3968w, https:\/\/hundeschule-as.com\/wp-content\/uploads\/2018\/08\/IMG_20180714_1105341-300x225.jpg 300w, https:\/\/hundeschule-as.com\/wp-content\/uploads\/2018\/08\/IMG_20180714_1105341-768x576.jpg 768w, https:\/\/hundeschule-as.com\/wp-content\/uploads\/2018\/08\/IMG_20180714_1105341-1024x768.jpg 1024w\" sizes=\"auto, (max-width: 3968px) 100vw, 3968px\" \/><\/figure>\n\n\n\n<figure class=\"wp-block-image size-large\"><img loading=\"lazy\" decoding=\"async\" width=\"3968\" height=\"2976\" data-id=\"670\" src=\"https:\/\/hundeschule-as.com\/wp-content\/uploads\/2018\/08\/IMG_20180714_1105481.jpg\" alt=\"\" class=\"wp-image-670\" srcset=\"https:\/\/hundeschule-as.com\/wp-content\/uploads\/2018\/08\/IMG_20180714_1105481.jpg 3968w, https:\/\/hundeschule-as.com\/wp-content\/uploads\/2018\/08\/IMG_20180714_1105481-300x225.jpg 300w, https:\/\/hundeschule-as.com\/wp-content\/uploads\/2018\/08\/IMG_20180714_1105481-768x576.jpg 768w, https:\/\/hundeschule-as.com\/wp-content\/uploads\/2018\/08\/IMG_20180714_1105481-1024x768.jpg 1024w\" sizes=\"auto, (max-width: 3968px) 100vw, 3968px\" \/><\/figure>\n\n\n\n<figure class=\"wp-block-image size-large\"><img loading=\"lazy\" decoding=\"async\" width=\"3968\" height=\"2976\" data-id=\"671\" src=\"https:\/\/hundeschule-as.com\/wp-content\/uploads\/2018\/08\/IMG_20180714_1106251.jpg\" alt=\"\" class=\"wp-image-671\" srcset=\"https:\/\/hundeschule-as.com\/wp-content\/uploads\/2018\/08\/IMG_20180714_1106251.jpg 3968w, https:\/\/hundeschule-as.com\/wp-content\/uploads\/2018\/08\/IMG_20180714_1106251-300x225.jpg 300w, https:\/\/hundeschule-as.com\/wp-content\/uploads\/2018\/08\/IMG_20180714_1106251-768x576.jpg 768w, https:\/\/hundeschule-as.com\/wp-content\/uploads\/2018\/08\/IMG_20180714_1106251-1024x768.jpg 1024w\" sizes=\"auto, (max-width: 3968px) 100vw, 3968px\" \/><\/figure>\n\n\n\n<figure class=\"wp-block-image size-large\"><img loading=\"lazy\" decoding=\"async\" width=\"3968\" height=\"2976\" data-id=\"672\" src=\"https:\/\/hundeschule-as.com\/wp-content\/uploads\/2018\/08\/IMG_20180714_1107031.jpg\" alt=\"\" class=\"wp-image-672\" srcset=\"https:\/\/hundeschule-as.com\/wp-content\/uploads\/2018\/08\/IMG_20180714_1107031.jpg 3968w, https:\/\/hundeschule-as.com\/wp-content\/uploads\/2018\/08\/IMG_20180714_1107031-300x225.jpg 300w, https:\/\/hundeschule-as.com\/wp-content\/uploads\/2018\/08\/IMG_20180714_1107031-768x576.jpg 768w, https:\/\/hundeschule-as.com\/wp-content\/uploads\/2018\/08\/IMG_20180714_1107031-1024x768.jpg 1024w\" sizes=\"auto, (max-width: 3968px) 100vw, 3968px\" \/><\/figure>\n<\/figure>\n","protected":false},"excerpt":{"rendered":"<p>Samstag, 10.00 &#8211; 11.00 Uhr&nbsp;(Ein Einstieg in den Kurs ist jederzeit m\u00f6glich) Bestandteile des Welpenkurses (ab 8 Wochen bis 6 Monate) &nbsp;Sozialisieren mit Artgenossen und diversen Alltagssituationen &nbsp;Auf- und Ausbau der Beziehung zwischen Mensch und Hund &nbsp;Grundkommandos wie z.B. Sitz &nbsp;Schulung des Bewegungsapparates &nbsp;Gew\u00f6hnung an zuk\u00fcnftige Lebenssituationen (Stadtgang) &nbsp;Erlernen der Bei\u00dfhemmung<\/p>\n","protected":false},"author":1,"featured_media":0,"parent":8,"menu_order":0,"comment_status":"closed","ping_status":"closed","template":"","meta":{"generate_page_header":"","footnotes":""},"class_list":["post-10","page","type-page","status-publish"],"_links":{"self":[{"href":"https:\/\/hundeschule-as.com\/index.php?rest_route=\/wp\/v2\/pages\/10","targetHints":{"allow":["GET"]}}],"collection":[{"href":"https:\/\/hundeschule-as.com\/index.php?rest_route=\/wp\/v2\/pages"}],"about":[{"href":"https:\/\/hundeschule-as.com\/index.php?rest_route=\/wp\/v2\/types\/page"}],"author":[{"embeddable":true,"href":"https:\/\/hundeschule-as.com\/index.php?rest_route=\/wp\/v2\/users\/1"}],"replies":[{"embeddable":true,"href":"https:\/\/hundeschule-as.com\/index.php?rest_route=%2Fwp%2Fv2%2Fcomments&post=10"}],"version-history":[{"count":22,"href":"https:\/\/hundeschule-as.com\/index.php?rest_route=\/wp\/v2\/pages\/10\/revisions"}],"predecessor-version":[{"id":899,"href":"https:\/\/hundeschule-as.com\/index.php?rest_route=\/wp\/v2\/pages\/10\/revisions\/899"}],"up":[{"embeddable":true,"href":"https:\/\/hundeschule-as.com\/index.php?rest_route=\/wp\/v2\/pages\/8"}],"wp:attachment":[{"href":"https:\/\/hundeschule-as.com\/index.php?rest_route=%2Fwp%2Fv2%2Fmedia&parent=10"}],"curies":[{"name":"wp","href":"https:\/\/api.w.org\/{rel}","templated":true}]}}